{"id":282,"date":"2024-11-17T18:04:43","date_gmt":"2024-11-17T17:04:43","guid":{"rendered":"https:\/\/www.dubourg-groupe.com\/?page_id=282"},"modified":"2026-04-22T15:02:03","modified_gmt":"2026-04-22T13:02:03","slug":"btva-dubourg-group","status":"publish","type":"page","link":"https:\/\/www.dubourg-groupe.com\/en\/our-companies\/btva-dubourg-group\/","title":{"rendered":"BTVA Dubourg Group"},"content":{"rendered":"","protected":false},"excerpt":{"rendered":"","protected":false},"author":1,"featured_media":0,"parent":224,"menu_order":0,"comment_status":"closed","ping_status":"closed","template":"general.php","meta":{"_acf_changed":false,"footnotes":""},"class_list":["post-282","page","type-page","status-publish","hentry"],"acf":[],"yoast_head":"<!-- This site is optimized with the Yoast SEO plugin v26.2 - https:\/\/yoast.com\/wordpress\/plugins\/seo\/ -->\n<title>BTVA Groupe Dubourg - Dubourg Groupe<\/title>\n<meta name=\"description\" content=\"BTVA a \u00e9t\u00e9 achet\u00e9 en 2022 par Dubourg Groupe. 2000 v\u00e9hicules trait\u00e9s en 2023\" \/>\n<meta name=\"robots\" content=\"index, follow, max-snippet:-1, max-image-preview:large, max-video-preview:-1\" \/>\n<link rel=\"canonical\" href=\"https:\/\/www.dubourg-groupe.com\/en\/our-companies\/btva-dubourg-group\/\" \/>\n<meta property=\"og:locale\" content=\"en_US\" \/>\n<meta property=\"og:type\" content=\"article\" \/>\n<meta property=\"og:title\" content=\"BTVA Groupe Dubourg - Dubourg Groupe\" \/>\n<meta property=\"og:description\" content=\"BTVA a \u00e9t\u00e9 achet\u00e9 en 2022 par Dubourg Groupe. 2000 v\u00e9hicules trait\u00e9s en 2023\" \/>\n<meta property=\"og:url\" content=\"https:\/\/www.dubourg-groupe.com\/en\/our-companies\/btva-dubourg-group\/\" \/>\n<meta property=\"og:site_name\" content=\"Dubourg Groupe\" \/>\n<meta property=\"article:publisher\" content=\"https:\/\/fr-fr.facebook.com\/dubourg.automobiles\/\" \/>\n<meta property=\"article:modified_time\" content=\"2026-04-22T13:02:03+00:00\" \/>\n<meta name=\"twitter:card\" content=\"summary_large_image\" \/>\n<script type=\"application\/ld+json\" class=\"yoast-schema-graph\">{\"@context\":\"https:\/\/schema.org\",\"@graph\":[{\"@type\":\"WebPage\",\"@id\":\"https:\/\/www.dubourg-groupe.com\/nos-societes\/btva-groupe-dubourg\/\",\"url\":\"https:\/\/www.dubourg-groupe.com\/nos-societes\/btva-groupe-dubourg\/\",\"name\":\"BTVA Groupe Dubourg - Dubourg Groupe\",\"isPartOf\":{\"@id\":\"https:\/\/www.dubourg-groupe.com\/#website\"},\"datePublished\":\"2024-11-17T17:04:43+00:00\",\"dateModified\":\"2026-04-22T13:02:03+00:00\",\"description\":\"BTVA a \u00e9t\u00e9 achet\u00e9 en 2022 par Dubourg Groupe. 2000 v\u00e9hicules trait\u00e9s en 2023\",\"breadcrumb\":{\"@id\":\"https:\/\/www.dubourg-groupe.com\/nos-societes\/btva-groupe-dubourg\/#breadcrumb\"},\"inLanguage\":\"en-US\",\"potentialAction\":[{\"@type\":\"ReadAction\",\"target\":[\"https:\/\/www.dubourg-groupe.com\/nos-societes\/btva-groupe-dubourg\/\"]}]},{\"@type\":\"BreadcrumbList\",\"@id\":\"https:\/\/www.dubourg-groupe.com\/nos-societes\/btva-groupe-dubourg\/#breadcrumb\",\"itemListElement\":[{\"@type\":\"ListItem\",\"position\":1,\"name\":\"Accueil\",\"item\":\"https:\/\/www.dubourg-groupe.com\/\"},{\"@type\":\"ListItem\",\"position\":2,\"name\":\"Nos soci\u00e9t\u00e9s\",\"item\":\"https:\/\/www.dubourg-groupe.com\/nos-societes\/\"},{\"@type\":\"ListItem\",\"position\":3,\"name\":\"BTVA Groupe Dubourg\"}]},{\"@type\":\"WebSite\",\"@id\":\"https:\/\/www.dubourg-groupe.com\/#website\",\"url\":\"https:\/\/www.dubourg-groupe.com\/\",\"name\":\"Dubourg Groupe\",\"description\":\"\",\"publisher\":{\"@id\":\"https:\/\/www.dubourg-groupe.com\/#organization\"},\"potentialAction\":[{\"@type\":\"SearchAction\",\"target\":{\"@type\":\"EntryPoint\",\"urlTemplate\":\"https:\/\/www.dubourg-groupe.com\/?s={search_term_string}\"},\"query-input\":{\"@type\":\"PropertyValueSpecification\",\"valueRequired\":true,\"valueName\":\"search_term_string\"}}],\"inLanguage\":\"en-US\"},{\"@type\":\"Organization\",\"@id\":\"https:\/\/www.dubourg-groupe.com\/#organization\",\"name\":\"Dubourg Groupe\",\"url\":\"https:\/\/www.dubourg-groupe.com\/\",\"logo\":{\"@type\":\"ImageObject\",\"inLanguage\":\"en-US\",\"@id\":\"https:\/\/www.dubourg-groupe.com\/#\/schema\/logo\/image\/\",\"url\":\"https:\/\/www.dubourg-groupe.com\/wp-content\/uploads\/2024\/11\/logo-resize-png.webp\",\"contentUrl\":\"https:\/\/www.dubourg-groupe.com\/wp-content\/uploads\/2024\/11\/logo-resize-png.webp\",\"width\":247,\"height\":56,\"caption\":\"Dubourg Groupe\"},\"image\":{\"@id\":\"https:\/\/www.dubourg-groupe.com\/#\/schema\/logo\/image\/\"},\"sameAs\":[\"https:\/\/fr-fr.facebook.com\/dubourg.automobiles\/\",\"https:\/\/www.instagram.com\/dubourg_automobiles\/\",\"https:\/\/www.linkedin.com\/company\/dubourg-automobiles\",\"https:\/\/www.youtube.com\/@dubourgautomobiles8847\"]}]}<\/script>\n<!-- \/ Yoast SEO plugin. -->","yoast_head_json":{"title":"BTVA Dubourg Group - Dubourg Group","description":"BTVA was purchased in 2022 by Dubourg Groupe. 2000 vehicles processed in 2023","robots":{"index":"index","follow":"follow","max-snippet":"max-snippet:-1","max-image-preview":"max-image-preview:large","max-video-preview":"max-video-preview:-1"},"canonical":"https:\/\/www.dubourg-groupe.com\/en\/our-companies\/btva-dubourg-group\/","og_locale":"en_US","og_type":"article","og_title":"BTVA Groupe Dubourg - Dubourg Groupe","og_description":"BTVA a \u00e9t\u00e9 achet\u00e9 en 2022 par Dubourg Groupe. 2000 v\u00e9hicules trait\u00e9s en 2023","og_url":"https:\/\/www.dubourg-groupe.com\/en\/our-companies\/btva-dubourg-group\/","og_site_name":"Dubourg Groupe","article_publisher":"https:\/\/fr-fr.facebook.com\/dubourg.automobiles\/","article_modified_time":"2026-04-22T13:02:03+00:00","twitter_card":"summary_large_image","schema":{"@context":"https:\/\/schema.org","@graph":[{"@type":"WebPage","@id":"https:\/\/www.dubourg-groupe.com\/nos-societes\/btva-groupe-dubourg\/","url":"https:\/\/www.dubourg-groupe.com\/nos-societes\/btva-groupe-dubourg\/","name":"BTVA Dubourg Group - Dubourg Group","isPartOf":{"@id":"https:\/\/www.dubourg-groupe.com\/#website"},"datePublished":"2024-11-17T17:04:43+00:00","dateModified":"2026-04-22T13:02:03+00:00","description":"BTVA was purchased in 2022 by Dubourg Groupe. 2000 vehicles processed in 2023","breadcrumb":{"@id":"https:\/\/www.dubourg-groupe.com\/nos-societes\/btva-groupe-dubourg\/#breadcrumb"},"inLanguage":"en-US","potentialAction":[{"@type":"ReadAction","target":["https:\/\/www.dubourg-groupe.com\/nos-societes\/btva-groupe-dubourg\/"]}]},{"@type":"BreadcrumbList","@id":"https:\/\/www.dubourg-groupe.com\/nos-societes\/btva-groupe-dubourg\/#breadcrumb","itemListElement":[{"@type":"ListItem","position":1,"name":"Accueil","item":"https:\/\/www.dubourg-groupe.com\/"},{"@type":"ListItem","position":2,"name":"Nos soci\u00e9t\u00e9s","item":"https:\/\/www.dubourg-groupe.com\/nos-societes\/"},{"@type":"ListItem","position":3,"name":"BTVA Groupe Dubourg"}]},{"@type":"WebSite","@id":"https:\/\/www.dubourg-groupe.com\/#website","url":"https:\/\/www.dubourg-groupe.com\/","name":"Dubourg Group","description":"","publisher":{"@id":"https:\/\/www.dubourg-groupe.com\/#organization"},"potentialAction":[{"@type":"SearchAction","target":{"@type":"EntryPoint","urlTemplate":"https:\/\/www.dubourg-groupe.com\/?s={search_term_string}"},"query-input":{"@type":"PropertyValueSpecification","valueRequired":true,"valueName":"search_term_string"}}],"inLanguage":"en-US"},{"@type":"Organization","@id":"https:\/\/www.dubourg-groupe.com\/#organization","name":"Dubourg Group","url":"https:\/\/www.dubourg-groupe.com\/","logo":{"@type":"ImageObject","inLanguage":"en-US","@id":"https:\/\/www.dubourg-groupe.com\/#\/schema\/logo\/image\/","url":"https:\/\/www.dubourg-groupe.com\/wp-content\/uploads\/2024\/11\/logo-resize-png.webp","contentUrl":"https:\/\/www.dubourg-groupe.com\/wp-content\/uploads\/2024\/11\/logo-resize-png.webp","width":247,"height":56,"caption":"Dubourg Groupe"},"image":{"@id":"https:\/\/www.dubourg-groupe.com\/#\/schema\/logo\/image\/"},"sameAs":["https:\/\/fr-fr.facebook.com\/dubourg.automobiles\/","https:\/\/www.instagram.com\/dubourg_automobiles\/","https:\/\/www.linkedin.com\/company\/dubourg-automobiles","https:\/\/www.youtube.com\/@dubourgautomobiles8847"]}]}},"_links":{"self":[{"href":"https:\/\/www.dubourg-groupe.com\/en\/wp-json\/wp\/v2\/pages\/282","targetHints":{"allow":["GET"]}}],"collection":[{"href":"https:\/\/www.dubourg-groupe.com\/en\/wp-json\/wp\/v2\/pages"}],"about":[{"href":"https:\/\/www.dubourg-groupe.com\/en\/wp-json\/wp\/v2\/types\/page"}],"author":[{"embeddable":true,"href":"https:\/\/www.dubourg-groupe.com\/en\/wp-json\/wp\/v2\/users\/1"}],"replies":[{"embeddable":true,"href":"https:\/\/www.dubourg-groupe.com\/en\/wp-json\/wp\/v2\/comments?post=282"}],"version-history":[{"count":20,"href":"https:\/\/www.dubourg-groupe.com\/en\/wp-json\/wp\/v2\/pages\/282\/revisions"}],"predecessor-version":[{"id":3393,"href":"https:\/\/www.dubourg-groupe.com\/en\/wp-json\/wp\/v2\/pages\/282\/revisions\/3393"}],"up":[{"embeddable":true,"href":"https:\/\/www.dubourg-groupe.com\/en\/wp-json\/wp\/v2\/pages\/224"}],"wp:attachment":[{"href":"https:\/\/www.dubourg-groupe.com\/en\/wp-json\/wp\/v2\/media?parent=282"}],"curies":[{"name":"wp","href":"https:\/\/api.w.org\/{rel}","templated":true}]}}